{"id":2,"date":"2023-01-11T09:20:52","date_gmt":"2023-01-11T08:20:52","guid":{"rendered":"https:\/\/igive.no\/partner\/?page_id=2"},"modified":"2024-03-15T13:31:09","modified_gmt":"2024-03-15T12:31:09","slug":"testside","status":"publish","type":"page","link":"https:\/\/igive.no\/partner\/","title":{"rendered":""},"content":{"rendered":"\n\t\t<div class=\"igive-hero igive-hero--has-image wp-block-igive-hero\">\n\t\t\t<div class=\"igive-hero__inner\">\n\t\t\t\t\n\t\t\t<div class=\"igive-hero__image-container\">\n\t\t\t\t<img width=\"760\" height=\"760\" src=\"https:\/\/igive.no\/content\/uploads\/sites\/2\/2023\/04\/sikker-betaling-760x760.png\" class=\"igive-hero__image\" alt=\"\" loading=\"lazy\" srcset=\"https:\/\/igive.no\/content\/uploads\/sites\/2\/2023\/04\/sikker-betaling-760x760.png 760w, https:\/\/igive.no\/content\/uploads\/sites\/2\/2023\/04\/sikker-betaling-300x300.png 300w, https:\/\/igive.no\/content\/uploads\/sites\/2\/2023\/04\/sikker-betaling-150x150.png 150w, https:\/\/igive.no\/content\/uploads\/sites\/2\/2023\/04\/sikker-betaling-768x768.png 768w, https:\/\/igive.no\/content\/uploads\/sites\/2\/2023\/04\/sikker-betaling.png 1000w\" sizes=\"(max-width: 760px) 100vw, 760px\" \/>\n\t\t\t<\/div>\n\t\t\t\t<div class=\"igive-hero__text\">\n\t\t\t\t\t\n\n<h1 class=\"wp-block-heading has-text-align-left\" id=\"h-kom-i-gang-med-ditt-digitale-gavekortsystem\">Kom i gang med ditt digitale gavekortsystem<\/h1>\n\n\n\n<p class=\"wp-block-paragraph\">Her finner du alt du trenger \u00e5 vite for \u00e5 komme i gang med salg og innl\u00f8sing av gavekort for din butikk.<\/p>\n\n\n\n<div class=\"wp-container-1 wp-block-buttons\">\n<div class=\"wp-block-button is-style-default\"><a class=\"wp-block-button__link has-neutrals-white-color has-neutrals-dark-blue-background-color has-text-color has-background\" href=\"https:\/\/igive.no\/partner\/support\/\" style=\"border-radius:100px\">Support<\/a><\/div>\n\n\n\n<div class=\"wp-block-button is-style-default\"><a class=\"wp-block-button__link has-neutrals-white-color has-neutrals-dark-blue-background-color has-text-color has-background\" href=\"https:\/\/igive.no\/butikkinformasjon\/\" style=\"border-radius:100px\">Butikkinformasjon<\/a><\/div>\n<\/div>\n\n\n\t\t\t\t<\/div>\n\t\t\t<\/div>\n\t\t\t<div class=\"igive-hero__footer\"><\/div>\n\t\t<\/div>\n\n\n<h2 class=\"wp-block-heading has-text-align-center\" id=\"h-norges-tryggeste-og-mest-fleksible-gavekortlosning\">Norges tryggeste og mest fleksible gavekortl\u00f8sning<\/h2>\n\n\n\n<p class=\"wp-block-paragraph\">Med iGive sin gavekortl\u00f8sning er det din bedrift som eier gavekortkontoen, og pengene overf\u00f8res sikkert samme dag. Dere kan gi kundene valget mellom flere m\u00e5ter for b\u00e5de \u00e5 kj\u00f8pe og l\u00f8se inn gavekort. Du velger varighet, mens kunden velger verdi og leveringsmetode. Om \u00f8nskelig kan kunden ogs\u00e5 gj\u00f8re gavekortet mer personlig med egetvalgt design og personlig melding.<\/p>\n\n\n\n<div class=\"wp-container-2 is-content-justification-center wp-block-buttons\">\n<div class=\"wp-block-button\"><a class=\"wp-block-button__link\" href=\"https:\/\/calendly.com\/igive\/digitale-gavekort\">Book m\u00f8te<\/a><\/div>\n<\/div>\n\n\n\n<hr class=\"wp-block-separator has-alpha-channel-opacity\" \/>\n\n\n\n<div class=\"wp-container-5 wp-block-columns\">\n<div class=\"wp-container-3 wp-block-column\" style=\"flex-basis:33.33%\">\n<figure class=\"wp-block-image size-full\"><img loading=\"lazy\" width=\"1000\" height=\"1000\" src=\"https:\/\/igive.no\/content\/uploads\/sites\/2\/2023\/05\/fysisk-digital.png\" alt=\"\" class=\"wp-image-342\" srcset=\"https:\/\/igive.no\/content\/uploads\/sites\/2\/2023\/05\/fysisk-digital.png 1000w, https:\/\/igive.no\/content\/uploads\/sites\/2\/2023\/05\/fysisk-digital-300x300.png 300w, https:\/\/igive.no\/content\/uploads\/sites\/2\/2023\/05\/fysisk-digital-150x150.png 150w, https:\/\/igive.no\/content\/uploads\/sites\/2\/2023\/05\/fysisk-digital-768x768.png 768w, https:\/\/igive.no\/content\/uploads\/sites\/2\/2023\/05\/fysisk-digital-760x760.png 760w\" sizes=\"(max-width: 1000px) 100vw, 1000px\" \/><\/figure>\n<\/div>\n\n\n\n<div class=\"wp-container-4 wp-block-column\" style=\"flex-basis:66.66%\">\n<h2 class=\"wp-block-heading\" id=\"h-gi-kundene-dine-valget-mellom-fysiske-og-digitale-gavekort\">Gi kundene dine valget mellom fysiske og digitale gavekort<\/h2>\n\n\n\n<p class=\"wp-block-paragraph\">Selv om stadig flere ser fordelene med digitale gavekort, er det fortsatt mange som heller \u00f8nsker \u00e5 gi de tradisjonelle fysiske kortene som trekkes i butikkens betalingsterminal. Vi kan levere begge deler, s\u00e5 kan du gi kundene dine valget.<\/p>\n<\/div>\n<\/div>\n\n\n\n<div class=\"wp-container-8 wp-block-columns\">\n<div class=\"wp-container-6 wp-block-column\" style=\"flex-basis:33.33%\">\n<figure class=\"wp-block-image size-full\"><img loading=\"lazy\" width=\"1000\" height=\"1000\" src=\"https:\/\/igive.no\/content\/uploads\/sites\/2\/2023\/04\/butikk-web-app.png\" alt=\"\" class=\"wp-image-322\" srcset=\"https:\/\/igive.no\/content\/uploads\/sites\/2\/2023\/04\/butikk-web-app.png 1000w, https:\/\/igive.no\/content\/uploads\/sites\/2\/2023\/04\/butikk-web-app-300x300.png 300w, https:\/\/igive.no\/content\/uploads\/sites\/2\/2023\/04\/butikk-web-app-150x150.png 150w, https:\/\/igive.no\/content\/uploads\/sites\/2\/2023\/04\/butikk-web-app-768x768.png 768w, https:\/\/igive.no\/content\/uploads\/sites\/2\/2023\/04\/butikk-web-app-760x760.png 760w\" sizes=\"(max-width: 1000px) 100vw, 1000px\" \/><\/figure>\n<\/div>\n\n\n\n<div class=\"wp-container-7 wp-block-column\" style=\"flex-basis:66.66%\">\n<h2 class=\"wp-block-heading\" id=\"h-selg-gavekort-bade-i-butikk-fra-egne-nettsider-fra-igive-no-og-igive-gavekort-app\">Selg gavekort b\u00e5de i butikk, fra egne nettsider, fra iGive.no og iGive Gavekort app<\/h2>\n\n\n\n<p class=\"wp-block-paragraph\">Gavekortene kan du selge b\u00e5de over disk eller selvbetjening i butikk, og fra egne nettsider. Vi hjelper dere i tillegg med markedsf\u00f8ring og salg gjennom v\u00e5re kanaler iGive.no og mobilappen iGive Gavekort. Alle penger som kommer inn fra gavekortsalg vil automatisk bli overf\u00f8rt til en egen beholdningskonto for gavekortsalg som dere eier.<\/p>\n<\/div>\n<\/div>\n\n\n\n<div class=\"wp-container-11 wp-block-columns\">\n<div class=\"wp-container-9 wp-block-column\" style=\"flex-basis:33.33%\">\n<figure class=\"wp-block-image size-full\"><img loading=\"lazy\" width=\"1000\" height=\"1000\" src=\"https:\/\/igive.no\/content\/uploads\/sites\/2\/2023\/05\/valgfritt-design.png\" alt=\"\" class=\"wp-image-344\" srcset=\"https:\/\/igive.no\/content\/uploads\/sites\/2\/2023\/05\/valgfritt-design.png 1000w, https:\/\/igive.no\/content\/uploads\/sites\/2\/2023\/05\/valgfritt-design-300x300.png 300w, https:\/\/igive.no\/content\/uploads\/sites\/2\/2023\/05\/valgfritt-design-150x150.png 150w, https:\/\/igive.no\/content\/uploads\/sites\/2\/2023\/05\/valgfritt-design-768x768.png 768w, https:\/\/igive.no\/content\/uploads\/sites\/2\/2023\/05\/valgfritt-design-760x760.png 760w\" sizes=\"(max-width: 1000px) 100vw, 1000px\" \/><\/figure>\n<\/div>\n\n\n\n<div class=\"wp-container-10 wp-block-column\" style=\"flex-basis:66.66%\">\n<h2 class=\"wp-block-heading\" id=\"h-gavekort-som-reflekterer-din-merkevare-eller-gavens-anledning\">Gavekort som reflekterer din merkevare eller gavens anledning<\/h2>\n\n\n\n<p class=\"wp-block-paragraph\">Dere bestemmer forsidedesign p\u00e5 de fysiske gavekortene, mens p\u00e5 de digitale kortene kan dere gi kundene valget. Ved kj\u00f8p av et digitalt gavekort kan kunden selv velge et design som passer mottaker og anledning.<\/p>\n<\/div>\n<\/div>\n\n\n\n<div class=\"wp-container-14 wp-block-columns\">\n<div class=\"wp-container-12 wp-block-column\" style=\"flex-basis:33.33%\">\n<figure class=\"wp-block-image size-full\"><img loading=\"lazy\" width=\"1000\" height=\"1000\" src=\"https:\/\/igive.no\/content\/uploads\/sites\/2\/2023\/04\/print-app.png\" alt=\"\" class=\"wp-image-325\" srcset=\"https:\/\/igive.no\/content\/uploads\/sites\/2\/2023\/04\/print-app.png 1000w, https:\/\/igive.no\/content\/uploads\/sites\/2\/2023\/04\/print-app-300x300.png 300w, https:\/\/igive.no\/content\/uploads\/sites\/2\/2023\/04\/print-app-150x150.png 150w, https:\/\/igive.no\/content\/uploads\/sites\/2\/2023\/04\/print-app-768x768.png 768w, https:\/\/igive.no\/content\/uploads\/sites\/2\/2023\/04\/print-app-760x760.png 760w\" sizes=\"(max-width: 1000px) 100vw, 1000px\" \/><\/figure>\n<\/div>\n\n\n\n<div class=\"wp-container-13 wp-block-column\" style=\"flex-basis:66.66%\">\n<h2 class=\"wp-block-heading\" id=\"h-kunden-bestemmer-selv-leveringsmetode-og-personlig-melding\">Kunden bestemmer selv leveringsmetode og personlig melding<\/h2>\n\n\n\n<p class=\"wp-block-paragraph\">Ved kj\u00f8p av et digitalt gavekort kan kunden bestemme om vedkommende \u00f8nsker gavekortet levert som en PDF som kan skrives ut og brettes som et gratulasjonskort, eller leveres direkte til en digital lommebok p\u00e5 kundens mobiltelefon. For \u00e5 gj\u00f8re det mer personlig kan kunden skrive en personlig melding som f\u00f8lger gavekortet.<\/p>\n<\/div>\n<\/div>\n\n\n\n<div class=\"wp-container-17 wp-block-columns\">\n<div class=\"wp-container-15 wp-block-column\" style=\"flex-basis:33.33%\">\n<figure class=\"wp-block-image size-full\"><img loading=\"lazy\" width=\"1000\" height=\"1000\" src=\"https:\/\/igive.no\/content\/uploads\/sites\/2\/2023\/04\/sikker-betaling.png\" alt=\"\" class=\"wp-image-326\" srcset=\"https:\/\/igive.no\/content\/uploads\/sites\/2\/2023\/04\/sikker-betaling.png 1000w, https:\/\/igive.no\/content\/uploads\/sites\/2\/2023\/04\/sikker-betaling-300x300.png 300w, https:\/\/igive.no\/content\/uploads\/sites\/2\/2023\/04\/sikker-betaling-150x150.png 150w, https:\/\/igive.no\/content\/uploads\/sites\/2\/2023\/04\/sikker-betaling-768x768.png 768w, https:\/\/igive.no\/content\/uploads\/sites\/2\/2023\/04\/sikker-betaling-760x760.png 760w\" sizes=\"(max-width: 1000px) 100vw, 1000px\" \/><\/figure>\n<\/div>\n\n\n\n<div class=\"wp-container-16 wp-block-column\" style=\"flex-basis:66.66%\">\n<h2 class=\"wp-block-heading\" id=\"h-sikker-betaling-rett-inn-pa-deres-konto\">Sikker betaling rett inn p\u00e5 deres konto<\/h2>\n\n\n\n<p class=\"wp-block-paragraph\">Gjennom v\u00e5r betalingsl\u00f8sning iGive Pay vil all betaling med gavekort behandles sikkert og effektivt \u2013 uansett om kunden betaler via QR-kode med egen mobiltelefon, med magnetstripe i bankterminal eller med gavekortnummer og CVC i nettbutikk. Vi identifiserer hvilken butikk gavekortet er benyttet i, og overf\u00f8rer pengene til riktig driftskonto samme dag.<\/p>\n<\/div>\n<\/div>\n\n\n\n<hr class=\"wp-block-separator has-alpha-channel-opacity\" \/>\n\n\n\n<h2 class=\"wp-block-heading has-text-align-center\" id=\"h-onsker-du-en-demonstrasjon-av-var-gavekortlosning\">\u00d8nsker du en demonstrasjon av v\u00e5r gavekortl\u00f8sning?<\/h2>\n\n\n\n<p class=\"wp-block-paragraph\">La oss ta en uforpliktende prat om hvordan vi kan hjelpe din bedrift med salg og innl\u00f8sing av gavekort. Velg et tidspunkt som passer for deg hvor vi treffes til et videom\u00f8te hvor du vil f\u00e5 demonstrert hvordan v\u00e5r gavekortl\u00f8sning kan bli implementert for din bedrift.<\/p>\n\n\n\n<div class=\"wp-container-18 is-content-justification-center wp-block-buttons\">\n<div class=\"wp-block-button\"><a class=\"wp-block-button__link\" href=\"https:\/\/calendly.com\/igive\/digitale-gavekort\">Book m\u00f8te<\/a><\/div>\n<\/div>\n\n\n\n<hr class=\"wp-block-separator has-alpha-channel-opacity\" \/>\n\n\n\n<figure class=\"wp-block-image aligncenter size-full is-resized\"><img loading=\"lazy\" src=\"https:\/\/igive.no\/content\/uploads\/sites\/2\/2023\/06\/iGivePayLogo16123F.png\" alt=\"\" class=\"wp-image-364\" width=\"400\" height=\"150\" srcset=\"https:\/\/igive.no\/content\/uploads\/sites\/2\/2023\/06\/iGivePayLogo16123F.png 800w, https:\/\/igive.no\/content\/uploads\/sites\/2\/2023\/06\/iGivePayLogo16123F-300x113.png 300w, https:\/\/igive.no\/content\/uploads\/sites\/2\/2023\/06\/iGivePayLogo16123F-768x288.png 768w, https:\/\/igive.no\/content\/uploads\/sites\/2\/2023\/06\/iGivePayLogo16123F-760x285.png 760w\" sizes=\"(max-width: 400px) 100vw, 400px\" \/><\/figure>\n\n\n\n<p class=\"wp-block-paragraph has-text-align-center\">iGivePay er en samling l\u00f8sninger for h\u00e5ndtering av betaling med gavekort fra iGive.<\/p>\n\n\n\n<div class=\"wp-container-22 wp-block-columns\">\n<div class=\"wp-container-19 wp-block-column\">\n<h2 class=\"wp-block-heading\" id=\"h-web\">@Web<\/h2>\n\n\n\n<p class=\"wp-block-paragraph\">Beregnet for nettbutikker som \u00f8nsker \u00e5 integrere betaling med gavekort fra iGive i nettbutikkens betalingsl\u00f8sning. Krever integrering med iGivePay gjennom API-kall, med omdirigering av brukere til et webgrensesnitt for utfylling av gavekortdetaljer.<\/p>\n<\/div>\n\n\n\n<div class=\"wp-container-20 wp-block-column\">\n<h2 class=\"wp-block-heading\" id=\"h-pos\">@POS<\/h2>\n\n\n\n<p class=\"wp-block-paragraph\">Beregnet for butikker\/brukersteder som \u00f8nsker \u00e5 integrere betaling med gavekort fra iGive direkte til sitt POS system. Krever integrering med iGivePay gjennom API-kall, med et webgrensesnitt levert av iGive.<\/p>\n<\/div>\n\n\n\n<div class=\"wp-container-21 wp-block-column\">\n<h2 class=\"wp-block-heading\" id=\"h-store\">@Store<\/h2>\n\n\n\n<p class=\"wp-block-paragraph\">Integrasjonsfri l\u00f8sning der gavekorteier skanner en unik QR-kode iGive har skapt til butikken. Gavekorteier kan initiere og utf\u00f8re hele kj\u00f8pet p\u00e5 egen mobiltelefon. Betaling bekreftes med kontrollkode p\u00e5 mobiltelefonen etter fullf\u00f8rt betaling. <\/p>\n<\/div>\n<\/div>\n","protected":false},"excerpt":{"rendered":"<p>Norges tryggeste og mest fleksible gavekortl\u00f8sning Med iGive sin gavekortl\u00f8sning er det din bedrift som eier gavekortkontoen, og pengene overf\u00f8res sikkert samme dag. Dere kan gi kundene valget mellom flere m\u00e5ter for b\u00e5de \u00e5 kj\u00f8pe og l\u00f8se inn gavekort. Du velger varighet, mens kunden velger verdi og leveringsmetode. Om \u00f8nskelig kan kunden ogs\u00e5 gj\u00f8re gavekortet [&hellip;]<\/p>\n","protected":false},"author":1,"featured_media":0,"parent":0,"menu_order":0,"comment_status":"closed","ping_status":"open","template":"","meta":{"igive_hide_title":false},"yoast_head":"<!-- This site is optimized with the Yoast SEO Premium plugin v19.3 (Yoast SEO v19.14) - https:\/\/yoast.com\/wordpress\/plugins\/seo\/ -->\n<title>- iGive Partnerportal<\/title>\n<meta name=\"robots\" content=\"index, follow, max-snippet:-1, max-image-preview:large, max-video-preview:-1\" \/>\n<link rel=\"canonical\" href=\"https:\/\/igive.no\/partner\/\" \/>\n<meta property=\"og:locale\" content=\"nb_NO\" \/>\n<meta property=\"og:type\" content=\"article\" \/>\n<meta property=\"og:description\" content=\"Norges tryggeste og mest fleksible gavekortl\u00f8sning Med iGive sin gavekortl\u00f8sning er det din bedrift som eier gavekortkontoen, og pengene overf\u00f8res sikkert samme dag. Dere kan gi kundene valget mellom flere m\u00e5ter for b\u00e5de \u00e5 kj\u00f8pe og l\u00f8se inn gavekort. Du velger varighet, mens kunden velger verdi og leveringsmetode. Om \u00f8nskelig kan kunden ogs\u00e5 gj\u00f8re gavekortet [&hellip;]\" \/>\n<meta property=\"og:url\" content=\"https:\/\/igive.no\/partner\/\" \/>\n<meta property=\"og:site_name\" content=\"iGive Partnerportal\" \/>\n<meta property=\"article:modified_time\" content=\"2024-03-15T12:31:09+00:00\" \/>\n<meta property=\"og:image\" content=\"https:\/\/igive.no\/content\/uploads\/sites\/2\/2023\/05\/fysisk-digital.png\" \/>\n<meta name=\"twitter:card\" content=\"summary_large_image\" \/>\n<meta name=\"twitter:label1\" content=\"Ansl. lesetid\" \/>\n\t<meta name=\"twitter:data1\" content=\"5 minutter\" \/>\n<script type=\"application\/ld+json\" class=\"yoast-schema-graph\">{\"@context\":\"https:\/\/schema.org\",\"@graph\":[{\"@type\":\"WebPage\",\"@id\":\"https:\/\/igive.no\/partner\/\",\"url\":\"https:\/\/igive.no\/partner\/\",\"name\":\"- iGive Partnerportal\",\"isPartOf\":{\"@id\":\"https:\/\/igive.no\/partner\/#website\"},\"datePublished\":\"2023-01-11T08:20:52+00:00\",\"dateModified\":\"2024-03-15T12:31:09+00:00\",\"inLanguage\":\"nb-NO\",\"potentialAction\":[{\"@type\":\"ReadAction\",\"target\":[\"https:\/\/igive.no\/partner\/\"]}]},{\"@type\":\"WebSite\",\"@id\":\"https:\/\/igive.no\/partner\/#website\",\"url\":\"https:\/\/igive.no\/partner\/\",\"name\":\"iGive Partnerportal\",\"description\":\"\",\"potentialAction\":[{\"@type\":\"SearchAction\",\"target\":{\"@type\":\"EntryPoint\",\"urlTemplate\":\"https:\/\/igive.no\/partner\/?s={search_term_string}\"},\"query-input\":\"required name=search_term_string\"}],\"inLanguage\":\"nb-NO\"}]}<\/script>\n<!-- \/ Yoast SEO Premium plugin. -->","yoast_head_json":{"title":"- iGive Partnerportal","robots":{"index":"index","follow":"follow","max-snippet":"max-snippet:-1","max-image-preview":"max-image-preview:large","max-video-preview":"max-video-preview:-1"},"canonical":"https:\/\/igive.no\/partner\/","og_locale":"nb_NO","og_type":"article","og_description":"Norges tryggeste og mest fleksible gavekortl\u00f8sning Med iGive sin gavekortl\u00f8sning er det din bedrift som eier gavekortkontoen, og pengene overf\u00f8res sikkert samme dag. Dere kan gi kundene valget mellom flere m\u00e5ter for b\u00e5de \u00e5 kj\u00f8pe og l\u00f8se inn gavekort. Du velger varighet, mens kunden velger verdi og leveringsmetode. Om \u00f8nskelig kan kunden ogs\u00e5 gj\u00f8re gavekortet [&hellip;]","og_url":"https:\/\/igive.no\/partner\/","og_site_name":"iGive Partnerportal","article_modified_time":"2024-03-15T12:31:09+00:00","og_image":[{"url":"https:\/\/igive.no\/content\/uploads\/sites\/2\/2023\/05\/fysisk-digital.png"}],"twitter_card":"summary_large_image","twitter_misc":{"Ansl. lesetid":"5 minutter"},"schema":{"@context":"https:\/\/schema.org","@graph":[{"@type":"WebPage","@id":"https:\/\/igive.no\/partner\/","url":"https:\/\/igive.no\/partner\/","name":"- iGive Partnerportal","isPartOf":{"@id":"https:\/\/igive.no\/partner\/#website"},"datePublished":"2023-01-11T08:20:52+00:00","dateModified":"2024-03-15T12:31:09+00:00","inLanguage":"nb-NO","potentialAction":[{"@type":"ReadAction","target":["https:\/\/igive.no\/partner\/"]}]},{"@type":"WebSite","@id":"https:\/\/igive.no\/partner\/#website","url":"https:\/\/igive.no\/partner\/","name":"iGive Partnerportal","description":"","potentialAction":[{"@type":"SearchAction","target":{"@type":"EntryPoint","urlTemplate":"https:\/\/igive.no\/partner\/?s={search_term_string}"},"query-input":"required name=search_term_string"}],"inLanguage":"nb-NO"}]}},"_links":{"self":[{"href":"https:\/\/igive.no\/partner\/wp-json\/wp\/v2\/pages\/2"}],"collection":[{"href":"https:\/\/igive.no\/partner\/wp-json\/wp\/v2\/pages"}],"about":[{"href":"https:\/\/igive.no\/partner\/wp-json\/wp\/v2\/types\/page"}],"author":[{"embeddable":true,"href":"https:\/\/igive.no\/partner\/wp-json\/wp\/v2\/users\/1"}],"replies":[{"embeddable":true,"href":"https:\/\/igive.no\/partner\/wp-json\/wp\/v2\/comments?post=2"}],"version-history":[{"count":105,"href":"https:\/\/igive.no\/partner\/wp-json\/wp\/v2\/pages\/2\/revisions"}],"predecessor-version":[{"id":585,"href":"https:\/\/igive.no\/partner\/wp-json\/wp\/v2\/pages\/2\/revisions\/585"}],"wp:attachment":[{"href":"https:\/\/igive.no\/partner\/wp-json\/wp\/v2\/media?parent=2"}],"curies":[{"name":"wp","href":"https:\/\/api.w.org\/{rel}","templated":true}]}}