{"id":200,"date":"2023-02-07T15:00:32","date_gmt":"2023-02-07T14:00:32","guid":{"rendered":"https:\/\/igive.no\/partner\/?page_id=200"},"modified":"2023-02-16T14:12:58","modified_gmt":"2023-02-16T13:12:58","slug":"endring-brukersted","status":"publish","type":"page","link":"https:\/\/igive.no\/partner\/endring-brukersted\/","title":{"rendered":"Innmelding eller endring p\u00e5 brukersted"},"content":{"rendered":"\n<h2 class=\"wp-block-heading\" id=\"h-innmelding-eller-endring-pa-brukersted\">Innmelding eller endring p\u00e5 brukersted<\/h2>\n\n\n\n<p class=\"wp-block-paragraph\">N\u00e5r en ny butikk skal kobles opp mot et eksisterende gavekortsystem, s\u00e5 trenger vi en del detaljer fra butikken. En del av detaljene M\u00c5 stemme overens for at vi skal f\u00e5 meldt butikken inn. Det er hver og en butikks ansvar \u00e5 melde inn riktige opplysninger. Ogs\u00e5 ved endringer underveis.<\/p>\n\n\n\n<ul class=\"wp-block-list is-style-default\"><li>Butikkens navn (og avdelingsnr.\/adresse hvis det er kjedebutikk)<\/li><li>Butikkens juridiske navn (m\u00e5 samsvare med org.nr)<\/li><li>Organisasjons nummer (m\u00e5 samsvare med juridisk navn)<\/li><li>Driftskonto, for daglig oppgj\u00f8r. M\u00e5 samsvare med detaljene over.<\/li><li>Bankterminalens BAXnr. Vet dere ikke dette, s\u00e5 kontakt leverand\u00f8ren av bankterminalen<\/li><li>E-postadresse for oppgj\u00f8rsrapporter til regnskap. Ikke bruk personlig e-postadresse, men en som flere kan ha tilgang p\u00e5. Som for eksempel i tilfelle daglig leder slutter.<\/li><\/ul>\n\n\n\n<p class=\"wp-block-paragraph\">Dette sendes inn til senterleder, leder i n\u00e6ring\/sentrumsforening eller til kjedekontor.<\/p>\n\n\n\n<p class=\"wp-block-paragraph\">De g\u00e5r igjennom og videresender til iGive.<\/p>\n\n\n\n<p class=\"wp-block-paragraph\">Overnevnte data er et krav ihht finansloven og hvitvaskingsloven.<\/p>\n\n\n\n<p class=\"wp-block-paragraph\"><strong>NB: Hvis dere endrer f\u00f8lgende og ikke melder ifra, s\u00e5:<\/strong><\/p>\n\n\n\n<p class=\"wp-block-paragraph\">Endres&nbsp;<strong>BAXnr, kontonr<\/strong>&nbsp;eller&nbsp;<strong>org.nr<\/strong>&nbsp;s\u00e5 vil ikke dere kunne ta imot gavekort som betalingsmiddel.&nbsp;<\/p>\n\n\n\n<p class=\"wp-block-paragraph\">Endres\u00a0<strong>e-postadresse<\/strong>, s\u00e5 m\u00e5 det ogs\u00e5 endres hos oss. Hvis ikke vil dere ikke kunne motta oppgj\u00f8rsrapporter.<\/p>\n\n\n\n<div class=\"wp-block-file alignleft\"><a id=\"wp-block-file--media-f962442a-8124-4a72-ae03-ff2545d7d29d\" href=\"https:\/\/igive.no\/content\/uploads\/sites\/2\/2023\/02\/Butikkinnmelding.xls\">Butikkinnmelding<\/a><\/div>\n","protected":false},"excerpt":{"rendered":"<p>Innmelding eller endring p\u00e5 brukersted N\u00e5r en ny butikk skal kobles opp mot et eksisterende gavekortsystem, s\u00e5 trenger vi en del detaljer fra butikken. En del av detaljene M\u00c5 stemme overens for at vi skal f\u00e5 meldt butikken inn. Det er hver og en butikks ansvar \u00e5 melde inn riktige opplysninger. Ogs\u00e5 ved endringer underveis. [&hellip;]<\/p>\n","protected":false},"author":3,"featured_media":0,"parent":0,"menu_order":0,"comment_status":"closed","ping_status":"closed","template":"","meta":{"igive_hide_title":true},"yoast_head":"<!-- This site is optimized with the Yoast SEO Premium plugin v19.3 (Yoast SEO v19.14) - https:\/\/yoast.com\/wordpress\/plugins\/seo\/ -->\n<title>Innmelding eller endring p\u00e5 brukersted - iGive Partnerportal<\/title>\n<meta name=\"robots\" content=\"index, follow, max-snippet:-1, max-image-preview:large, max-video-preview:-1\" \/>\n<link rel=\"canonical\" href=\"https:\/\/igive.no\/partner\/endring-brukersted\/\" \/>\n<meta property=\"og:locale\" content=\"nb_NO\" \/>\n<meta property=\"og:type\" content=\"article\" \/>\n<meta property=\"og:title\" content=\"Innmelding eller endring p\u00e5 brukersted\" \/>\n<meta property=\"og:description\" content=\"Innmelding eller endring p\u00e5 brukersted N\u00e5r en ny butikk skal kobles opp mot et eksisterende gavekortsystem, s\u00e5 trenger vi en del detaljer fra butikken. En del av detaljene M\u00c5 stemme overens for at vi skal f\u00e5 meldt butikken inn. Det er hver og en butikks ansvar \u00e5 melde inn riktige opplysninger. Ogs\u00e5 ved endringer underveis. [&hellip;]\" \/>\n<meta property=\"og:url\" content=\"https:\/\/igive.no\/partner\/endring-brukersted\/\" \/>\n<meta property=\"og:site_name\" content=\"iGive Partnerportal\" \/>\n<meta property=\"article:modified_time\" content=\"2023-02-16T13:12:58+00:00\" \/>\n<meta name=\"twitter:card\" content=\"summary_large_image\" \/>\n<meta name=\"twitter:label1\" content=\"Ansl. lesetid\" \/>\n\t<meta name=\"twitter:data1\" content=\"2 minutter\" \/>\n<script type=\"application\/ld+json\" class=\"yoast-schema-graph\">{\"@context\":\"https:\/\/schema.org\",\"@graph\":[{\"@type\":\"WebPage\",\"@id\":\"https:\/\/igive.no\/partner\/endring-brukersted\/\",\"url\":\"https:\/\/igive.no\/partner\/endring-brukersted\/\",\"name\":\"Innmelding eller endring p\u00e5 brukersted - iGive Partnerportal\",\"isPartOf\":{\"@id\":\"https:\/\/igive.no\/partner\/#website\"},\"datePublished\":\"2023-02-07T14:00:32+00:00\",\"dateModified\":\"2023-02-16T13:12:58+00:00\",\"breadcrumb\":{\"@id\":\"https:\/\/igive.no\/partner\/endring-brukersted\/#breadcrumb\"},\"inLanguage\":\"nb-NO\",\"potentialAction\":[{\"@type\":\"ReadAction\",\"target\":[\"https:\/\/igive.no\/partner\/endring-brukersted\/\"]}]},{\"@type\":\"BreadcrumbList\",\"@id\":\"https:\/\/igive.no\/partner\/endring-brukersted\/#breadcrumb\",\"itemListElement\":[{\"@type\":\"ListItem\",\"position\":1,\"name\":\"Hjem\",\"item\":\"https:\/\/igive.no\/partner\/\"},{\"@type\":\"ListItem\",\"position\":2,\"name\":\"Innmelding eller endring p\u00e5 brukersted\"}]},{\"@type\":\"WebSite\",\"@id\":\"https:\/\/igive.no\/partner\/#website\",\"url\":\"https:\/\/igive.no\/partner\/\",\"name\":\"iGive Partnerportal\",\"description\":\"\",\"potentialAction\":[{\"@type\":\"SearchAction\",\"target\":{\"@type\":\"EntryPoint\",\"urlTemplate\":\"https:\/\/igive.no\/partner\/?s={search_term_string}\"},\"query-input\":\"required name=search_term_string\"}],\"inLanguage\":\"nb-NO\"}]}<\/script>\n<!-- \/ Yoast SEO Premium plugin. -->","yoast_head_json":{"title":"Innmelding eller endring p\u00e5 brukersted - iGive Partnerportal","robots":{"index":"index","follow":"follow","max-snippet":"max-snippet:-1","max-image-preview":"max-image-preview:large","max-video-preview":"max-video-preview:-1"},"canonical":"https:\/\/igive.no\/partner\/endring-brukersted\/","og_locale":"nb_NO","og_type":"article","og_title":"Innmelding eller endring p\u00e5 brukersted","og_description":"Innmelding eller endring p\u00e5 brukersted N\u00e5r en ny butikk skal kobles opp mot et eksisterende gavekortsystem, s\u00e5 trenger vi en del detaljer fra butikken. En del av detaljene M\u00c5 stemme overens for at vi skal f\u00e5 meldt butikken inn. Det er hver og en butikks ansvar \u00e5 melde inn riktige opplysninger. Ogs\u00e5 ved endringer underveis. [&hellip;]","og_url":"https:\/\/igive.no\/partner\/endring-brukersted\/","og_site_name":"iGive Partnerportal","article_modified_time":"2023-02-16T13:12:58+00:00","twitter_card":"summary_large_image","twitter_misc":{"Ansl. lesetid":"2 minutter"},"schema":{"@context":"https:\/\/schema.org","@graph":[{"@type":"WebPage","@id":"https:\/\/igive.no\/partner\/endring-brukersted\/","url":"https:\/\/igive.no\/partner\/endring-brukersted\/","name":"Innmelding eller endring p\u00e5 brukersted - iGive Partnerportal","isPartOf":{"@id":"https:\/\/igive.no\/partner\/#website"},"datePublished":"2023-02-07T14:00:32+00:00","dateModified":"2023-02-16T13:12:58+00:00","breadcrumb":{"@id":"https:\/\/igive.no\/partner\/endring-brukersted\/#breadcrumb"},"inLanguage":"nb-NO","potentialAction":[{"@type":"ReadAction","target":["https:\/\/igive.no\/partner\/endring-brukersted\/"]}]},{"@type":"BreadcrumbList","@id":"https:\/\/igive.no\/partner\/endring-brukersted\/#breadcrumb","itemListElement":[{"@type":"ListItem","position":1,"name":"Hjem","item":"https:\/\/igive.no\/partner\/"},{"@type":"ListItem","position":2,"name":"Innmelding eller endring p\u00e5 brukersted"}]},{"@type":"WebSite","@id":"https:\/\/igive.no\/partner\/#website","url":"https:\/\/igive.no\/partner\/","name":"iGive Partnerportal","description":"","potentialAction":[{"@type":"SearchAction","target":{"@type":"EntryPoint","urlTemplate":"https:\/\/igive.no\/partner\/?s={search_term_string}"},"query-input":"required name=search_term_string"}],"inLanguage":"nb-NO"}]}},"_links":{"self":[{"href":"https:\/\/igive.no\/partner\/wp-json\/wp\/v2\/pages\/200"}],"collection":[{"href":"https:\/\/igive.no\/partner\/wp-json\/wp\/v2\/pages"}],"about":[{"href":"https:\/\/igive.no\/partner\/wp-json\/wp\/v2\/types\/page"}],"author":[{"embeddable":true,"href":"https:\/\/igive.no\/partner\/wp-json\/wp\/v2\/users\/3"}],"replies":[{"embeddable":true,"href":"https:\/\/igive.no\/partner\/wp-json\/wp\/v2\/comments?post=200"}],"version-history":[{"count":14,"href":"https:\/\/igive.no\/partner\/wp-json\/wp\/v2\/pages\/200\/revisions"}],"predecessor-version":[{"id":267,"href":"https:\/\/igive.no\/partner\/wp-json\/wp\/v2\/pages\/200\/revisions\/267"}],"wp:attachment":[{"href":"https:\/\/igive.no\/partner\/wp-json\/wp\/v2\/media?parent=200"}],"curies":[{"name":"wp","href":"https:\/\/api.w.org\/{rel}","templated":true}]}}