{"id":275,"date":"2023-03-13T13:57:35","date_gmt":"2023-03-13T12:57:35","guid":{"rendered":"https:\/\/igive.no\/partner\/?page_id=275"},"modified":"2024-02-12T13:05:28","modified_gmt":"2024-02-12T12:05:28","slug":"igivepay","status":"publish","type":"page","link":"https:\/\/igive.no\/partner\/igivepay\/","title":{"rendered":"iGivePay"},"content":{"rendered":"\n<h1 class=\"wp-block-heading\" id=\"h-igivepay\">iGivePay<\/h1>\n\n\n\n<p class=\"wp-block-paragraph\">iGivePay er en samling l\u00f8sninger for h\u00e5ndtering av betaling med gavekort fra iGive.<\/p>\n\n\n\n<div class=\"wp-container-4 wp-block-columns\">\n<div class=\"wp-container-1 wp-block-column\">\n<h2 class=\"wp-block-heading\">@Web<\/h2>\n\n\n\n<p class=\"wp-block-paragraph\">Beregnet for nettbutikker som \u00f8nsker \u00e5 integrere betaling med gavekort fra iGive i nettbutikkens kasse. Krever integrering med iGivePay gjennom API-anrop, med omdirigering av brukere til et webgrensesnitt for utfylling av gavekortdetaljer.<\/p>\n<\/div>\n\n\n\n<div class=\"wp-container-2 wp-block-column\">\n<h2 class=\"wp-block-heading\">@POS <\/h2>\n\n\n\n<p class=\"wp-block-paragraph\">Beregnet som en frittst\u00e5ende l\u00f8sning med noe eller ingen integrasjon med leverand\u00f8rens POS-systemer. Betalinger opprettes gjennom et API, men resten av flyten for betalingen h\u00e5ndteres gjennom et webgrensesnitt.<\/p>\n<\/div>\n\n\n\n<div class=\"wp-container-3 wp-block-column\">\n<h2 class=\"wp-block-heading\">@Store <\/h2>\n\n\n\n<p class=\"wp-block-paragraph\">Integrasjonsfri l\u00f8sning der gavekorteier skanner en unik QR-kode iGive har skapt til butikken. Gavekorteier kan initiere og utf\u00f8re hele kj\u00f8pet p\u00e5 egen mobiltelefon. Betaling bekreftes med kontrollkode p\u00e5 mobiltelefonen etter fullf\u00f8rt betaling. <\/p>\n<\/div>\n<\/div>\n\n\n\n<hr class=\"wp-block-separator has-alpha-channel-opacity\" \/>\n\n\n\n<h2 class=\"wp-block-heading\">API-dokumentasjon<\/h2>\n\n\n\n<div class=\"wp-container-7 wp-block-columns\">\n<div class=\"wp-container-5 wp-block-column\">\n<h3 class=\"wp-block-heading\" id=\"h-igivepay-integrert-i-nettbutikk\">iGivePay integrert i nettbutikk<\/h3>\n\n\n\n<p class=\"wp-block-paragraph\">Nettbutikken oppretter en betalingsforesp\u00f8rsel til iGivePay der n\u00f8kkeldetaljer som totalbel\u00f8p og returadresse (ved fullf\u00f8ring) oppgis, samt &laquo;authentication headers&raquo; som brukes til \u00e5 identifisere den som kaller (api key og api secret). iGivePay svarer med en betalings-ID og en URL til betalingen i iGivePay. Nettbutikken m\u00e5 da omdirigere brukeren til denne betalingssiden for \u00e5 la brukeren legge inn gavekortopplysningene sine. Ved \u00e5 bruke den opprinnelig oppgitte retur-URLen blir brukeren omdirigert tilbake til nettbutikken etter at de har fullf\u00f8rt (eller kansellert) sin iGivePay betaling. <\/p>\n\n\n\n<p class=\"wp-block-paragraph\">V\u00e6r ogs\u00e5 oppmerksom p\u00e5 at kunder kan ha gavekort som ikke dekker hele ordrebel\u00f8pet, slik at kunde kun har betalt en del av totalsummen n\u00e5r de kommer tilbake til nettbutikken. Det er nettbutikkens ansvar \u00e5 bekrefte betalingsstatus n\u00e5r brukeren blir omdirigert tilbake til nettbutikken. iGivePay tilbyr API-er som vil returnere resultater av betalingen.<\/p>\n\n\n\n<p class=\"wp-block-paragraph\"><a href=\"https:\/\/wiki.igive.no\/en\/public\/pay\/hosted-payment\">Se teknisk informasjon om hvordan du integrerer med iGivePay @Web<\/a><\/p>\n<\/div>\n\n\n\n<div class=\"wp-container-6 wp-block-column\">\n<h3 class=\"wp-block-heading\" id=\"h-igivepay-integrert-i-kasse\">iGivePay integrert i kasse<\/h3>\n\n\n\n<p class=\"wp-block-paragraph\">Tilgjengliggj\u00f8r et webgrensesnitt der ansatte kan skanne kundenes gavekort og behandle dem som betaling av hele ordresummen, eller for delbetalinger. Integrasjoner mellom iGivePay og Point of Sale (POS) systemet er gitt slik at POS-systemet og iGivePay kan samkj\u00f8re betalingene. <\/p>\n\n\n\n<p class=\"wp-block-paragraph\"><strong>Flyten er vanligvis: <\/strong><\/p>\n\n\n\n<ol class=\"wp-block-list\"><li>POS oppretter en ny betaling ved \u00e5 ringe iGivePay API <\/li><li>API svarer med en betalingsidentifikator og en dyplink URL til hvor betalingen kan utf\u00f8res <\/li><li>POS-systemet m\u00e5 \u00e5pne dyplink-URLen i et nettleservindu <\/li><li>Butikkmedarbeideren h\u00e5ndterer skanning av gavekort og utf\u00f8rer gavekortbetalingen iGivePay vil trekke penger fra de aktuelle gavekortene og butikkresultatene <\/li><li>Basert p\u00e5 konfigurasjonen i det opprinnelige kallet for \u00e5 opprette betalingen, kan iGivePay omdirigere nettleseren eller kalle en API via en webhook, eller POS-systemet kan manuelt ringe APIen og sp\u00f8rre om statusen til betalingen. <\/li><\/ol>\n\n\n\n<p class=\"wp-block-paragraph\"><a href=\"https:\/\/wiki.igive.no\/en\/public\/pay\/webui\">Se teknisk informasjon om hvordan du integrerer med iGivePay @POS<\/a><\/p>\n<\/div>\n<\/div>\n","protected":false},"excerpt":{"rendered":"<p>iGivePay iGivePay er en samling l\u00f8sninger for h\u00e5ndtering av betaling med gavekort fra iGive. @Web Beregnet for nettbutikker som \u00f8nsker \u00e5 integrere betaling med gavekort fra iGive i nettbutikkens kasse. Krever integrering med iGivePay gjennom API-anrop, med omdirigering av brukere til et webgrensesnitt for utfylling av gavekortdetaljer. @POS Beregnet som en frittst\u00e5ende l\u00f8sning med noe [&hellip;]<\/p>\n","protected":false},"author":3,"featured_media":0,"parent":0,"menu_order":0,"comment_status":"closed","ping_status":"closed","template":"","meta":{"igive_hide_title":true},"yoast_head":"<!-- This site is optimized with the Yoast SEO Premium plugin v19.3 (Yoast SEO v19.14) - https:\/\/yoast.com\/wordpress\/plugins\/seo\/ -->\n<title>iGivePay - iGive Partnerportal<\/title>\n<meta name=\"robots\" content=\"index, follow, max-snippet:-1, max-image-preview:large, max-video-preview:-1\" \/>\n<link rel=\"canonical\" href=\"https:\/\/igive.no\/partner\/igivepay\/\" \/>\n<meta property=\"og:locale\" content=\"nb_NO\" \/>\n<meta property=\"og:type\" content=\"article\" \/>\n<meta property=\"og:title\" content=\"iGivePay\" \/>\n<meta property=\"og:description\" content=\"iGivePay iGivePay er en samling l\u00f8sninger for h\u00e5ndtering av betaling med gavekort fra iGive. @Web Beregnet for nettbutikker som \u00f8nsker \u00e5 integrere betaling med gavekort fra iGive i nettbutikkens kasse. Krever integrering med iGivePay gjennom API-anrop, med omdirigering av brukere til et webgrensesnitt for utfylling av gavekortdetaljer. @POS Beregnet som en frittst\u00e5ende l\u00f8sning med noe [&hellip;]\" \/>\n<meta property=\"og:url\" content=\"https:\/\/igive.no\/partner\/igivepay\/\" \/>\n<meta property=\"og:site_name\" content=\"iGive Partnerportal\" \/>\n<meta property=\"article:modified_time\" content=\"2024-02-12T12:05:28+00:00\" \/>\n<meta name=\"twitter:card\" content=\"summary_large_image\" \/>\n<meta name=\"twitter:label1\" content=\"Ansl. lesetid\" \/>\n\t<meta name=\"twitter:data1\" content=\"3 minutter\" \/>\n<script type=\"application\/ld+json\" class=\"yoast-schema-graph\">{\"@context\":\"https:\/\/schema.org\",\"@graph\":[{\"@type\":\"WebPage\",\"@id\":\"https:\/\/igive.no\/partner\/igivepay\/\",\"url\":\"https:\/\/igive.no\/partner\/igivepay\/\",\"name\":\"iGivePay - iGive Partnerportal\",\"isPartOf\":{\"@id\":\"https:\/\/igive.no\/partner\/#website\"},\"datePublished\":\"2023-03-13T12:57:35+00:00\",\"dateModified\":\"2024-02-12T12:05:28+00:00\",\"breadcrumb\":{\"@id\":\"https:\/\/igive.no\/partner\/igivepay\/#breadcrumb\"},\"inLanguage\":\"nb-NO\",\"potentialAction\":[{\"@type\":\"ReadAction\",\"target\":[\"https:\/\/igive.no\/partner\/igivepay\/\"]}]},{\"@type\":\"BreadcrumbList\",\"@id\":\"https:\/\/igive.no\/partner\/igivepay\/#breadcrumb\",\"itemListElement\":[{\"@type\":\"ListItem\",\"position\":1,\"name\":\"Hjem\",\"item\":\"https:\/\/igive.no\/partner\/\"},{\"@type\":\"ListItem\",\"position\":2,\"name\":\"iGivePay\"}]},{\"@type\":\"WebSite\",\"@id\":\"https:\/\/igive.no\/partner\/#website\",\"url\":\"https:\/\/igive.no\/partner\/\",\"name\":\"iGive Partnerportal\",\"description\":\"\",\"potentialAction\":[{\"@type\":\"SearchAction\",\"target\":{\"@type\":\"EntryPoint\",\"urlTemplate\":\"https:\/\/igive.no\/partner\/?s={search_term_string}\"},\"query-input\":\"required name=search_term_string\"}],\"inLanguage\":\"nb-NO\"}]}<\/script>\n<!-- \/ Yoast SEO Premium plugin. -->","yoast_head_json":{"title":"iGivePay - iGive Partnerportal","robots":{"index":"index","follow":"follow","max-snippet":"max-snippet:-1","max-image-preview":"max-image-preview:large","max-video-preview":"max-video-preview:-1"},"canonical":"https:\/\/igive.no\/partner\/igivepay\/","og_locale":"nb_NO","og_type":"article","og_title":"iGivePay","og_description":"iGivePay iGivePay er en samling l\u00f8sninger for h\u00e5ndtering av betaling med gavekort fra iGive. @Web Beregnet for nettbutikker som \u00f8nsker \u00e5 integrere betaling med gavekort fra iGive i nettbutikkens kasse. Krever integrering med iGivePay gjennom API-anrop, med omdirigering av brukere til et webgrensesnitt for utfylling av gavekortdetaljer. @POS Beregnet som en frittst\u00e5ende l\u00f8sning med noe [&hellip;]","og_url":"https:\/\/igive.no\/partner\/igivepay\/","og_site_name":"iGive Partnerportal","article_modified_time":"2024-02-12T12:05:28+00:00","twitter_card":"summary_large_image","twitter_misc":{"Ansl. lesetid":"3 minutter"},"schema":{"@context":"https:\/\/schema.org","@graph":[{"@type":"WebPage","@id":"https:\/\/igive.no\/partner\/igivepay\/","url":"https:\/\/igive.no\/partner\/igivepay\/","name":"iGivePay - iGive Partnerportal","isPartOf":{"@id":"https:\/\/igive.no\/partner\/#website"},"datePublished":"2023-03-13T12:57:35+00:00","dateModified":"2024-02-12T12:05:28+00:00","breadcrumb":{"@id":"https:\/\/igive.no\/partner\/igivepay\/#breadcrumb"},"inLanguage":"nb-NO","potentialAction":[{"@type":"ReadAction","target":["https:\/\/igive.no\/partner\/igivepay\/"]}]},{"@type":"BreadcrumbList","@id":"https:\/\/igive.no\/partner\/igivepay\/#breadcrumb","itemListElement":[{"@type":"ListItem","position":1,"name":"Hjem","item":"https:\/\/igive.no\/partner\/"},{"@type":"ListItem","position":2,"name":"iGivePay"}]},{"@type":"WebSite","@id":"https:\/\/igive.no\/partner\/#website","url":"https:\/\/igive.no\/partner\/","name":"iGive Partnerportal","description":"","potentialAction":[{"@type":"SearchAction","target":{"@type":"EntryPoint","urlTemplate":"https:\/\/igive.no\/partner\/?s={search_term_string}"},"query-input":"required name=search_term_string"}],"inLanguage":"nb-NO"}]}},"_links":{"self":[{"href":"https:\/\/igive.no\/partner\/wp-json\/wp\/v2\/pages\/275"}],"collection":[{"href":"https:\/\/igive.no\/partner\/wp-json\/wp\/v2\/pages"}],"about":[{"href":"https:\/\/igive.no\/partner\/wp-json\/wp\/v2\/types\/page"}],"author":[{"embeddable":true,"href":"https:\/\/igive.no\/partner\/wp-json\/wp\/v2\/users\/3"}],"replies":[{"embeddable":true,"href":"https:\/\/igive.no\/partner\/wp-json\/wp\/v2\/comments?post=275"}],"version-history":[{"count":19,"href":"https:\/\/igive.no\/partner\/wp-json\/wp\/v2\/pages\/275\/revisions"}],"predecessor-version":[{"id":580,"href":"https:\/\/igive.no\/partner\/wp-json\/wp\/v2\/pages\/275\/revisions\/580"}],"wp:attachment":[{"href":"https:\/\/igive.no\/partner\/wp-json\/wp\/v2\/media?parent=275"}],"curies":[{"name":"wp","href":"https:\/\/api.w.org\/{rel}","templated":true}]}}